{"id":91,"date":"2024-08-15T14:17:05","date_gmt":"2024-08-15T14:17:05","guid":{"rendered":"https:\/\/inglewoodpawnshop.net\/?page_id=91"},"modified":"2024-08-20T13:43:24","modified_gmt":"2024-08-20T13:43:24","slug":"privacy-statement","status":"publish","type":"page","link":"https:\/\/inglewoodpawnshop.net\/es\/privacy-statement\/","title":{"rendered":"DECLARACI\u00d3N DE PRIVACIDAD"},"content":{"rendered":"<p>DECLARACI\u00d3N DE PRIVACIDAD<\/p>\n<p>Aviso de Privacidad: Este aviso de privacidad revela las pr\u00e1cticas de privacidad para (inglewoodpawnshop.net).<br \/>\nEste aviso de privacidad se aplica \u00fanicamente a la informaci\u00f3n recopilada por este sitio web. Le notificar\u00e1 lo siguiente:<\/p>\n<ul>\n<li>Qu\u00e9 informaci\u00f3n personal identificable se recopila de usted a trav\u00e9s del sitio web, c\u00f3mo se utiliza y con qui\u00e9n puede ser compartida.<\/li>\n<li>Qu\u00e9 opciones tiene disponibles respecto al uso de sus datos.<\/li>\n<li>Los procedimientos de seguridad en vigor para proteger el uso indebido de su informaci\u00f3n.<\/li>\n<li>C\u00f3mo puede corregir cualquier inexactitud en la informaci\u00f3n.<\/li>\n<\/ul>\n<p><strong>Recopilaci\u00f3n, Uso y Compartici\u00f3n de Informaci\u00f3n<\/strong><br \/>\nSomos los \u00fanicos propietarios de la informaci\u00f3n recopilada en este sitio. Solo tenemos acceso a\/recopilamos la informaci\u00f3n que usted nos proporciona voluntariamente a trav\u00e9s de correo electr\u00f3nico u otro contacto directo. No venderemos ni alquilaremos esta informaci\u00f3n a nadie.<\/p>\n<p>Usaremos su informaci\u00f3n para responderle en relaci\u00f3n con el motivo por el que nos contact\u00f3. No compartiremos su informaci\u00f3n con terceros fuera de nuestra organizaci\u00f3n, salvo lo necesario para cumplir con su solicitud, por ejemplo, para enviar un pedido.<\/p>\n<p>A menos que usted nos solicite lo contrario, podemos contactarle por correo electr\u00f3nico en el futuro para informarle sobre ofertas especiales, nuevos productos o servicios, o cambios en esta pol\u00edtica de privacidad. Ofrecemos un m\u00e9todo para optar por no recibir correos electr\u00f3nicos.<\/p>\n<p><strong>Su Acceso y Control sobre la Informaci\u00f3n<\/strong><br \/>\nPuede optar por no recibir futuros contactos de nuestra parte en cualquier momento. Puede hacer lo siguiente en cualquier momento contact\u00e1ndonos a trav\u00e9s de la direcci\u00f3n de correo electr\u00f3nico o n\u00famero de tel\u00e9fono proporcionado en nuestro sitio web:<\/p>\n<p><strong>Su Acceso y Control sobre la Informaci\u00f3n<\/strong><\/p>\n<ul>\n<li>Ver qu\u00e9 datos tenemos sobre usted, si los hay.<\/li>\n<li>Cambiar\/corregir cualquier dato que tengamos sobre usted.<\/li>\n<li>Solicitar que eliminemos cualquier dato que tengamos sobre usted.<\/li>\n<li>Expresar cualquier preocupaci\u00f3n que tenga sobre nuestro uso de sus datos.<\/li>\n<\/ul>\n<p><strong>Seguridad<\/strong><br \/>\nTomamos precauciones para proteger su informaci\u00f3n. Cuando usted env\u00eda informaci\u00f3n sensible a trav\u00e9s del sitio web, su informaci\u00f3n est\u00e1 protegida tanto en l\u00ednea como fuera de l\u00ednea.<\/p>\n<p>Donde sea que recopilemos informaci\u00f3n sensible (como datos de tarjetas de cr\u00e9dito), esa informaci\u00f3n est\u00e1 encriptada y transmitida de manera segura. Puede verificar esto buscando un \u00edcono de candado en la barra de direcciones y buscando \u201chttps\u201d al principio de la direcci\u00f3n de la p\u00e1gina web.<\/p>\n<p>Mientras utilizamos cifrado para proteger la informaci\u00f3n sensible transmitida en l\u00ednea, tambi\u00e9n protegemos su informaci\u00f3n fuera de l\u00ednea. Solo los empleados que necesitan la informaci\u00f3n para realizar un trabajo espec\u00edfico (por ejemplo, facturaci\u00f3n o servicio al cliente) tienen acceso a la informaci\u00f3n personal identificable. Los ordenadores\/servidores en los que almacenamos informaci\u00f3n personal identificable se mantienen en un entorno seguro.<\/p>\n<p><strong>Registro en la Tienda<\/strong><br \/>\nPara utilizar este sitio web con fines transaccionales o de comercio electr\u00f3nico, un usuario debe completar primero el formulario de registro. Durante el registro, se requiere que el usuario proporcione cierta informaci\u00f3n (como nombre y direcci\u00f3n de correo electr\u00f3nico). Esta informaci\u00f3n se utiliza para contactarle sobre los productos\/servicios en nuestro sitio en los que ha mostrado inter\u00e9s. A su opci\u00f3n, tambi\u00e9n puede proporcionar informaci\u00f3n demogr\u00e1fica (como g\u00e9nero o edad) sobre usted, pero no es obligatorio.<\/p>\n<p>Solicitamos informaci\u00f3n de usted en nuestro formulario de pedido. Para comprar con nosotros, debe proporcionar informaci\u00f3n de contacto (como nombre y direcci\u00f3n de env\u00edo) e informaci\u00f3n financiera (como n\u00famero de tarjeta de cr\u00e9dito, fecha de vencimiento). Esta informaci\u00f3n se utiliza con fines de facturaci\u00f3n y para procesar sus pedidos. Si tenemos problemas para procesar un pedido, utilizaremos esta informaci\u00f3n para contactarle.<\/p>\n<p><strong>Google Adwords and Analytics<\/strong><\/p>\n<p>Utilizamos Google Analytics y Adwords como parte de nuestros esfuerzos para llegar a nuestros clientes. Estas herramientas nos ayudan a entender qui\u00e9nes son nuestros clientes y c\u00f3mo nuestro sitio recibe tr\u00e1fico desde los resultados de b\u00fasqueda de Google y los anuncios de Google Adwords. Esta informaci\u00f3n es solo para el uso de Diamond Exchange y su informaci\u00f3n personal es an\u00f3nima y no nos es proporcionada por Google. Siempre puede optar por no usar Google al no utilizar motores de b\u00fasqueda de Google o al no hacer clic en los anuncios de Adwords.<\/p>\n<p>Puede aprender m\u00e1s sobre c\u00f3mo funcionan las herramientas de publicidad de Google aqu\u00ed.<\/p>\n<p><strong>Cookies<\/strong><br \/>\nUtilizamos \u201ccookies\u201d en este sitio. Una cookie es un fragmento de datos almacenado en el disco duro de un visitante del sitio para ayudarnos a mejorar su acceso a nuestro sitio e identificar a los visitantes recurrentes. Por ejemplo, cuando utilizamos una cookie para identificarlo, no tendr\u00eda que ingresar una contrase\u00f1a m\u00e1s de una vez, lo que ahorra tiempo mientras est\u00e1 en nuestro sitio. Las cookies tambi\u00e9n nos permiten rastrear y dirigir los intereses de nuestros usuarios para mejorar la experiencia en nuestro sitio. El uso de una cookie no est\u00e1 vinculado de ninguna manera a informaci\u00f3n personal identificable en nuestro sitio.<\/p>\n<p><strong>Si siente que no estamos cumpliendo con esta pol\u00edtica de privacidad, debe contactarnos de inmediato.<\/strong><\/p>\n<p>&nbsp;<\/p>\n","protected":false},"excerpt":{"rendered":"<p>DECLARACI\u00d3N DE PRIVACIDAD Aviso de Privacidad: Este aviso de privacidad revela las pr\u00e1cticas de privacidad para (inglewoodpawnshop.net). Este aviso de privacidad se aplica \u00fanicamente a la informaci\u00f3n recopilada por este sitio web. Le notificar\u00e1 lo siguiente: Qu\u00e9 informaci\u00f3n personal identificable se recopila de usted a trav\u00e9s del sitio web, c\u00f3mo se utiliza y con qui\u00e9n [&hellip;]<\/p>\n","protected":false},"author":1,"featured_media":0,"parent":0,"menu_order":0,"comment_status":"closed","ping_status":"closed","template":"","meta":{"footnotes":""},"class_list":["post-91","page","type-page","status-publish","hentry"],"_links":{"self":[{"href":"https:\/\/inglewoodpawnshop.net\/es\/wp-json\/wp\/v2\/pages\/91","targetHints":{"allow":["GET"]}}],"collection":[{"href":"https:\/\/inglewoodpawnshop.net\/es\/wp-json\/wp\/v2\/pages"}],"about":[{"href":"https:\/\/inglewoodpawnshop.net\/es\/wp-json\/wp\/v2\/types\/page"}],"author":[{"embeddable":true,"href":"https:\/\/inglewoodpawnshop.net\/es\/wp-json\/wp\/v2\/users\/1"}],"replies":[{"embeddable":true,"href":"https:\/\/inglewoodpawnshop.net\/es\/wp-json\/wp\/v2\/comments?post=91"}],"version-history":[{"count":5,"href":"https:\/\/inglewoodpawnshop.net\/es\/wp-json\/wp\/v2\/pages\/91\/revisions"}],"predecessor-version":[{"id":144,"href":"https:\/\/inglewoodpawnshop.net\/es\/wp-json\/wp\/v2\/pages\/91\/revisions\/144"}],"wp:attachment":[{"href":"https:\/\/inglewoodpawnshop.net\/es\/wp-json\/wp\/v2\/media?parent=91"}],"curies":[{"name":"wp","href":"https:\/\/api.w.org\/{rel}","templated":true}]}}